{"id":1513,"date":"2022-07-29T11:17:54","date_gmt":"2022-07-29T09:17:54","guid":{"rendered":"https:\/\/haruhaydreamresort.com\/restaurant\/bakery\/"},"modified":"2022-09-27T08:45:26","modified_gmt":"2022-09-27T06:45:26","slug":"baeckerei","status":"publish","type":"page","link":"https:\/\/haruhaydreamresort.com\/de\/restaurant\/baeckerei\/","title":{"rendered":"B\u00e4ckerei"},"content":{"rendered":"<p>[et_pb_section fb_built=&#8220;1&#8243; _builder_version=&#8220;4.18.0&#8243; _module_preset=&#8220;default&#8220; background_color=&#8220;rgba(255,255,255,0.52)&#8220; use_background_color_gradient=&#8220;on&#8220; background_color_gradient_stops=&#8220;rgba(0,0,0,0.2) 0%|rgba(0,0,0,0.2) 100%&#8220; background_color_gradient_overlays_image=&#8220;on&#8220; background_image=&#8220;https:\/\/haruhaydreamresort.com\/wp-content\/uploads\/2022\/07\/haruhay-bakery-breads.webp&#8220; height=&#8220;682px&#8220; custom_padding=&#8220;||||false|false&#8220; global_colors_info=&#8220;{}&#8220; theme_builder_area=&#8220;post_content&#8220;][\/et_pb_section][et_pb_section fb_built=&#8220;1&#8243; _builder_version=&#8220;4.17.6&#8243; _module_preset=&#8220;default&#8220; background_image=&#8220;https:\/\/haruhaydreamresort.com\/wp-content\/uploads\/2022\/08\/haruhay-restaurant-pizza-oven-faded.webp&#8220; global_colors_info=&#8220;{}&#8220; theme_builder_area=&#8220;post_content&#8220;][et_pb_row _builder_version=&#8220;4.17.6&#8243; _module_preset=&#8220;default&#8220; custom_padding=&#8220;0px||0px||false|false&#8220; global_colors_info=&#8220;{}&#8220; theme_builder_area=&#8220;post_content&#8220;][et_pb_column type=&#8220;4_4&#8243; _builder_version=&#8220;4.17.6&#8243; _module_preset=&#8220;default&#8220; global_colors_info=&#8220;{}&#8220; theme_builder_area=&#8220;post_content&#8220;][et_pb_text _builder_version=&#8220;4.18.0&#8243; _module_preset=&#8220;default&#8220; header_text_align=&#8220;center&#8220; header_text_color=&#8220;#488447&#8243; header_2_font=&#8220;|600|||||||&#8220; header_2_text_align=&#8220;left&#8220; header_2_text_color=&#8220;#488447&#8243; header_2_font_size=&#8220;28px&#8220; custom_margin=&#8220;||0px||false|false&#8220; global_colors_info=&#8220;{}&#8220; theme_builder_area=&#8220;post_content&#8220;]<\/p>\n<h1>B\u00e4ckerei<\/h1>\n<p>[\/et_pb_text][et_pb_text _builder_version=&#8220;4.18.0&#8243; _module_preset=&#8220;default&#8220; text_font_size=&#8220;18px&#8220; text_line_height=&#8220;1.8em&#8220; text_orientation=&#8220;center&#8220; global_colors_info=&#8220;{}&#8220; theme_builder_area=&#8220;post_content&#8220;]<\/p>\n<p style=\"text-align: justify;\">Haruhay-Brot wird von Expertenhand hergestellt. Unsere B\u00e4cker haben Erfahrung im Backen von Brot nach europ\u00e4ischer Art. Hier im Haruhay Dream Resort servieren wir nur frisch gebackenes, k\u00f6stliches Brot im europ\u00e4ischen Stil und \u00f6sterreichisches Geb\u00e4ck. Und wenn Sie Lust auf Pizza haben? Keine Sorge, Pizzen sind auch erh\u00e4ltlich. Frisch gebacken aus unserem Steinpizzaofen. Wir k\u00f6nnen Ihnen versichern, dass wir unsere Brote mit Liebe und ausschlie\u00dflich nat\u00fcrlichen Zutaten hergestellt haben.<\/p>\n<p>[\/et_pb_text][\/et_pb_column][\/et_pb_row][\/et_pb_section][et_pb_section fb_built=&#8220;1&#8243; _builder_version=&#8220;4.17.6&#8243; _module_preset=&#8220;default&#8220; background_color=&#8220;rgba(140,219,201,0.31)&#8220; custom_padding=&#8220;31px||31px||true|false&#8220; global_colors_info=&#8220;{}&#8220; theme_builder_area=&#8220;post_content&#8220;][et_pb_row column_structure=&#8220;1_3,1_3,1_3&#8243; use_custom_gutter=&#8220;on&#8220; gutter_width=&#8220;2&#8243; make_equal=&#8220;on&#8220; module_class=&#8220;scale&#8220; _builder_version=&#8220;4.17.6&#8243; _module_preset=&#8220;default&#8220; custom_padding=&#8220;20px||0px||false|false&#8220; global_colors_info=&#8220;{}&#8220; theme_builder_area=&#8220;post_content&#8220;][et_pb_column type=&#8220;1_3&#8243; _builder_version=&#8220;4.17.6&#8243; _module_preset=&#8220;default&#8220; global_colors_info=&#8220;{}&#8220; theme_builder_area=&#8220;post_content&#8220;][et_pb_image src=&#8220;https:\/\/haruhaydreamresort.com\/wp-content\/uploads\/2022\/07\/haruhay-bakery-breads.webp&#8220; title_text=&#8220;haruhay-bakery-breads&#8220; _builder_version=&#8220;4.17.6&#8243; _module_preset=&#8220;default&#8220; custom_margin=&#8220;||8px|||&#8220; global_colors_info=&#8220;{}&#8220; theme_builder_area=&#8220;post_content&#8220;][\/et_pb_image][et_pb_image src=&#8220;https:\/\/haruhaydreamresort.com\/wp-content\/uploads\/2022\/08\/haruhay-bread-1.webp&#8220; title_text=&#8220;haruhay-bread-1&#8243; _builder_version=&#8220;4.17.6&#8243; _module_preset=&#8220;default&#8220; custom_margin=&#8220;||8px|||&#8220; global_colors_info=&#8220;{}&#8220; theme_builder_area=&#8220;post_content&#8220;][\/et_pb_image][\/et_pb_column][et_pb_column type=&#8220;1_3&#8243; _builder_version=&#8220;4.17.6&#8243; _module_preset=&#8220;default&#8220; global_colors_info=&#8220;{}&#8220; theme_builder_area=&#8220;post_content&#8220;][et_pb_image src=&#8220;https:\/\/haruhaydreamresort.com\/wp-content\/uploads\/2022\/08\/haruhay-bread.webp&#8220; title_text=&#8220;haruhay-bread&#8220; _builder_version=&#8220;4.17.6&#8243; _module_preset=&#8220;default&#8220; custom_margin=&#8220;||8px|||&#8220; global_colors_info=&#8220;{}&#8220; theme_builder_area=&#8220;post_content&#8220;][\/et_pb_image][et_pb_image src=&#8220;https:\/\/haruhaydreamresort.com\/wp-content\/uploads\/2022\/08\/haruhay-bread-5.webp&#8220; title_text=&#8220;haruhay-bread-5&#8243; _builder_version=&#8220;4.17.6&#8243; _module_preset=&#8220;default&#8220; custom_margin=&#8220;||8px|||&#8220; global_colors_info=&#8220;{}&#8220; theme_builder_area=&#8220;post_content&#8220;][\/et_pb_image][\/et_pb_column][et_pb_column type=&#8220;1_3&#8243; _builder_version=&#8220;4.17.6&#8243; _module_preset=&#8220;default&#8220; global_colors_info=&#8220;{}&#8220; theme_builder_area=&#8220;post_content&#8220;][et_pb_image src=&#8220;https:\/\/haruhaydreamresort.com\/wp-content\/uploads\/2022\/08\/haruhay-restaurant-delicacy-bread.webp&#8220; title_text=&#8220;haruhay-restaurant-delicacy-bread&#8220; _builder_version=&#8220;4.17.6&#8243; _module_preset=&#8220;default&#8220; custom_margin=&#8220;||8px|||&#8220; global_colors_info=&#8220;{}&#8220; theme_builder_area=&#8220;post_content&#8220;][\/et_pb_image][et_pb_image src=&#8220;https:\/\/haruhaydreamresort.com\/wp-content\/uploads\/2022\/08\/haruhay-pizza.webp&#8220; title_text=&#8220;haruhay-pizza&#8220; _builder_version=&#8220;4.17.6&#8243; _module_preset=&#8220;default&#8220; custom_margin=&#8220;||8px|||&#8220; global_colors_info=&#8220;{}&#8220; theme_builder_area=&#8220;post_content&#8220;][\/et_pb_image][\/et_pb_column][\/et_pb_row][et_pb_row _builder_version=&#8220;4.17.6&#8243; _module_preset=&#8220;default&#8220; global_colors_info=&#8220;{}&#8220; theme_builder_area=&#8220;post_content&#8220;][et_pb_column type=&#8220;4_4&#8243; _builder_version=&#8220;4.17.6&#8243; _module_preset=&#8220;default&#8220; global_colors_info=&#8220;{}&#8220; theme_builder_area=&#8220;post_content&#8220;][et_pb_text _builder_version=&#8220;4.18.0&#8243; _module_preset=&#8220;default&#8220; header_text_align=&#8220;center&#8220; header_text_color=&#8220;#488447&#8243; header_2_font=&#8220;|600|||||||&#8220; header_2_text_align=&#8220;left&#8220; header_2_text_color=&#8220;#488447&#8243; header_2_font_size=&#8220;28px&#8220; custom_margin=&#8220;||0px|||&#8220; global_colors_info=&#8220;{}&#8220; theme_builder_area=&#8220;post_content&#8220;]<\/p>\n<h2>Brot erh\u00e4ltlich in Haruhay<\/h2>\n<p>[\/et_pb_text][et_pb_text _builder_version=&#8220;4.18.0&#8243; _module_preset=&#8220;default&#8220; text_font_size=&#8220;18px&#8220; text_line_height=&#8220;1.8em&#8220; global_colors_info=&#8220;{}&#8220; theme_builder_area=&#8220;post_content&#8220;]Bayrisches Dunkelbrot<br \/>\n\u00d6sterreichisches Mischbrot (\u00d6sterreichisches Graubrot)<br \/>\nOriginal Semmel (Original Br\u00f6tchen)<br \/>\nMohn Semmel (Fantasiebr\u00f6tchen)<br \/>\nM\u00fcnchner Brezen (M\u00fcnchner Brezen)<br \/>\nOster-Hefe-Zopf<br \/>\nFranz\u00f6sisches Wei\u00dfbrot<br \/>\nBrezel<br \/>\nZimtschnecke[\/et_pb_text][\/et_pb_column][\/et_pb_row][\/et_pb_section]<\/p>\n","protected":false},"excerpt":{"rendered":"<p>B\u00e4ckereiHaruhay-Brot wird von Expertenhand hergestellt. Unsere B\u00e4cker haben Erfahrung im Backen von Brot nach europ\u00e4ischer Art. Hier im Haruhay Dream Resort servieren wir nur frisch gebackenes, k\u00f6stliches Brot im europ\u00e4ischen Stil und \u00f6sterreichisches Geb\u00e4ck. Und wenn Sie Lust auf Pizza haben? Keine Sorge, Pizzen sind auch erh\u00e4ltlich. Frisch gebacken aus unserem Steinpizzaofen. Wir k\u00f6nnen Ihnen [&hellip;]<\/p>\n","protected":false},"author":1,"featured_media":0,"parent":1509,"menu_order":0,"comment_status":"closed","ping_status":"closed","template":"","meta":{"_et_pb_use_builder":"on","_et_pb_old_content":"","_et_gb_content_width":"","footnotes":""},"class_list":["post-1513","page","type-page","status-publish","hentry"],"_links":{"self":[{"href":"https:\/\/haruhaydreamresort.com\/de\/wp-json\/wp\/v2\/pages\/1513","targetHints":{"allow":["GET"]}}],"collection":[{"href":"https:\/\/haruhaydreamresort.com\/de\/wp-json\/wp\/v2\/pages"}],"about":[{"href":"https:\/\/haruhaydreamresort.com\/de\/wp-json\/wp\/v2\/types\/page"}],"author":[{"embeddable":true,"href":"https:\/\/haruhaydreamresort.com\/de\/wp-json\/wp\/v2\/users\/1"}],"replies":[{"embeddable":true,"href":"https:\/\/haruhaydreamresort.com\/de\/wp-json\/wp\/v2\/comments?post=1513"}],"version-history":[{"count":3,"href":"https:\/\/haruhaydreamresort.com\/de\/wp-json\/wp\/v2\/pages\/1513\/revisions"}],"predecessor-version":[{"id":1523,"href":"https:\/\/haruhaydreamresort.com\/de\/wp-json\/wp\/v2\/pages\/1513\/revisions\/1523"}],"up":[{"embeddable":true,"href":"https:\/\/haruhaydreamresort.com\/de\/wp-json\/wp\/v2\/pages\/1509"}],"wp:attachment":[{"href":"https:\/\/haruhaydreamresort.com\/de\/wp-json\/wp\/v2\/media?parent=1513"}],"curies":[{"name":"wp","href":"https:\/\/api.w.org\/{rel}","templated":true}]}}